{"id":9,"date":"2026-04-17T05:55:06","date_gmt":"2026-04-17T05:55:06","guid":{"rendered":"https:\/\/hasmetplastik.com.tr\/?page_id=9"},"modified":"2026-04-17T05:55:06","modified_gmt":"2026-04-17T05:55:06","slug":"hasmet-plastik","status":"publish","type":"page","link":"https:\/\/hasmetplastik.com.tr\/","title":{"rendered":"Hasmet Plastik"},"content":{"rendered":"<p style=\"text-align: center;\"><strong>Sayfam\u0131z G\u00fcncellenmektedir.<\/strong><\/p>\n<div class=\"wDYxhc\" role=\"presentation\" data-attrid=\"kc:\/location\/location:address\" data-md=\"1002\" data-hveid=\"CDYQAA\" data-ved=\"2ahUKEwir-MORmfSTAxVnif0HHb_cLEYQkCl6BAg2EAA\">\n<div class=\"Z1hOCe\">\n<div class=\"zloOqf PZPZlf\" data-dtype=\"d3ifr\" data-local-attribute=\"d3adr\" data-mid=\"\/g\/11s5440gqr\" data-ved=\"2ahUKEwir-MORmfSTAxVnif0HHb_cLEYQghwoAHoECDYQAQ\"><span class=\"w8qArf FoJoyf\"><a class=\"fl\" href=\"https:\/\/www.google.com\/search?sca_esv=47f7116294b15a2a&amp;rlz=1C1CHZN_trTR1197TR1197&amp;biw=1536&amp;bih=738&amp;sxsrf=ANbL-n4vgTkwhSDIsQZVjXAc1hUmknY5Xg:1776405221282&amp;q=has+plastik+pvc+%C3%BCretimi+osmangazi%CC%87+adres&amp;ludocid=2924088344213606194&amp;sa=X&amp;ved=2ahUKEwir-MORmfSTAxVnif0HHb_cLEYQ6BN6BAg2EAI\" data-ved=\"2ahUKEwir-MORmfSTAxVnif0HHb_cLEYQ6BN6BAg2EAI\">Adres<\/a>:\u00a0<\/span><\/p>\n<div class=\"M2Cv8e hP3ybd\">\n<div class=\"gqkR3b hP3ybd\"><a tabindex=\"0\" href=\"https:\/\/www.google.com\/maps\/place\/\/data=!4m2!3m1!1s0x14ca3f260b524fe3:0x289472db48b64f32?sa=X&amp;ved=1t:8290&amp;ictx=111\" data-url=\"\/maps\/place\/\/data=!4m2!3m1!1s0x14ca3f260b524fe3:0x289472db48b64f32?sa=X&amp;ved=2ahUKEwir-MORmfSTAxVnif0HHb_cLEYQ4kB6BAgIEAA\">G\u00fclbah\u00e7e, 10. G\u00fcne\u015f Sk. No:19, 16300 Osmangazi\u0307\/Bursa<\/a><\/div>\n<\/div>\n<\/div>\n<\/div>\n<\/div>\n<div class=\"wDYxhc\" role=\"presentation\" data-attrid=\"kc:\/local:alt phone\" data-md=\"1006\" data-hveid=\"CDIQAA\" data-ved=\"2ahUKEwir-MORmfSTAxVnif0HHb_cLEYQkCl6BAgyEAA\">\n<div class=\"Z1hOCe\">\n<div class=\"zloOqf PZPZlf\" data-dtype=\"d3ifr\" data-local-attribute=\"d3ph\" data-ved=\"2ahUKEwir-MORmfSTAxVnif0HHb_cLEYQ8I0BKAB6BAgyEAE\">\n<div class=\"zh0Yff\"><span class=\"w8qArf FoJoyf\"><a class=\"fl\" href=\"https:\/\/www.google.com\/search?sca_esv=47f7116294b15a2a&amp;rlz=1C1CHZN_trTR1197TR1197&amp;biw=1536&amp;bih=738&amp;sxsrf=ANbL-n4vgTkwhSDIsQZVjXAc1hUmknY5Xg:1776405221282&amp;q=has+plastik+pvc+%C3%BCretimi+osmangazi%CC%87+telefon&amp;ludocid=2924088344213606194&amp;sa=X&amp;ved=2ahUKEwir-MORmfSTAxVnif0HHb_cLEYQ6BN6BAgyEAI\" data-ved=\"2ahUKEwir-MORmfSTAxVnif0HHb_cLEYQ6BN6BAgyEAI\">Telefon<\/a>:\u00a0<\/span><span class=\"LrzXr kno-fv\"><a href=\"https:\/\/www.google.com\/search?q=hasmet+plastik+g%C3%BClbah%C3%A7e&amp;sca_esv=47f7116294b15a2a&amp;rlz=1C1CHZN_trTR1197TR1197&amp;sxsrf=ANbL-n4YEOqQB9fW1etLYNTR5SbvI_ijPw%3A1776405213647&amp;ei=3crhabWUJ72F9u8PqdC-4Qk&amp;biw=1536&amp;bih=738&amp;ved=0ahUKEwj19vGNmfSTAxW9gv0HHSmoL5wQ4dUDCBA&amp;uact=5&amp;oq=hasmet+plastik+g%C3%BClbah%C3%A7e&amp;gs_lp=Egxnd3Mtd2l6LXNlcnAiGWhhc21ldCBwbGFzdGlrIGfDvGxiYWjDp2UyBxAhGKABGAoyBxAhGKABGApImxVQswNYqRRwAXgAkAEAmAGnAaABggmqAQMwLji4AQPIAQD4AQGYAgmgAqUJwgIIEAAYsAMY7wXCAgsQABiABBiwAxiiBMICCxAAGLADGKIEGIkFwgIFECEYoAHCAgUQIRifBZgDAIgGAZAGBZIHAzEuOKAH3CGyBwMwLji4B6AJwgcFMC43LjLIBxOACAA&amp;sclient=gws-wiz-serp#\" data-dtype=\"d3ph\" data-local-attribute=\"d3ph\" data-ved=\"2ahUKEwir-MORmfSTAxVnif0HHb_cLEYQkAgoAHoECDIQAw\"><span aria-label=\"0532 780 40 58 Numaral\u0131 Telefonu Ara\">0532 780 40 58<\/span><\/a><\/p>\n<p><\/span><\/div>\n<\/div>\n<\/div>\n<\/div>\n<p><iframe loading=\"lazy\" style=\"border: 0;\" src=\"https:\/\/www.google.com\/maps\/embed?pb=!1m18!1m12!1m3!1d3047.5932753631632!2d29.073332500000003!3d40.1958641!2m3!1f0!2f0!3f0!3m2!1i1024!2i768!4f13.1!3m3!1m2!1s0x14ca3f260b524fe3%3A0x289472db48b64f32!2sHas%20Plastik%20Pvc%20%C3%9Cretimi!5e0!3m2!1str!2str!4v1776405252758!5m2!1str!2str\" width=\"600\" height=\"450\" allowfullscreen=\"allowfullscreen\"><\/iframe><\/p>\n","protected":false},"excerpt":{"rendered":"<p>Sayfam\u0131z G\u00fcncellenmektedir. Adres:\u00a0 G\u00fclbah\u00e7e, 10. G\u00fcne\u015f Sk. No:19, 16300 Osmangazi\u0307\/Bursa Telefon:\u00a00532 780 40 58<\/p>\n","protected":false},"author":1,"featured_media":0,"parent":0,"menu_order":0,"comment_status":"closed","ping_status":"closed","template":"","meta":{"footnotes":""},"class_list":["post-9","page","type-page","status-publish","hentry"],"_links":{"self":[{"href":"https:\/\/hasmetplastik.com.tr\/index.php\/wp-json\/wp\/v2\/pages\/9","targetHints":{"allow":["GET"]}}],"collection":[{"href":"https:\/\/hasmetplastik.com.tr\/index.php\/wp-json\/wp\/v2\/pages"}],"about":[{"href":"https:\/\/hasmetplastik.com.tr\/index.php\/wp-json\/wp\/v2\/types\/page"}],"author":[{"embeddable":true,"href":"https:\/\/hasmetplastik.com.tr\/index.php\/wp-json\/wp\/v2\/users\/1"}],"replies":[{"embeddable":true,"href":"https:\/\/hasmetplastik.com.tr\/index.php\/wp-json\/wp\/v2\/comments?post=9"}],"version-history":[{"count":1,"href":"https:\/\/hasmetplastik.com.tr\/index.php\/wp-json\/wp\/v2\/pages\/9\/revisions"}],"predecessor-version":[{"id":10,"href":"https:\/\/hasmetplastik.com.tr\/index.php\/wp-json\/wp\/v2\/pages\/9\/revisions\/10"}],"wp:attachment":[{"href":"https:\/\/hasmetplastik.com.tr\/index.php\/wp-json\/wp\/v2\/media?parent=9"}],"curies":[{"name":"wp","href":"https:\/\/api.w.org\/{rel}","templated":true}]}}